{"id":2095,"date":"2025-11-25T14:53:26","date_gmt":"2025-11-25T13:53:26","guid":{"rendered":"https:\/\/axelnet.intravipur.com\/?page_id=2095"},"modified":"2025-12-10T11:21:53","modified_gmt":"2025-12-10T10:21:53","slug":"mentions-legales-conditions-generales","status":"publish","type":"page","link":"https:\/\/hygisoft.intravipur.com\/?page_id=2095","title":{"rendered":"Mentions L\u00e9gales &#038;Conditions G\u00e9n\u00e9rales"},"content":{"rendered":"\t\t<div data-elementor-type=\"wp-page\" data-elementor-id=\"2095\" class=\"elementor elementor-2095\" data-elementor-post-type=\"page\">\n\t\t\t\t<div class=\"elementor-element elementor-element-df0f8c2 e-flex e-con-boxed wpr-particle-no wpr-jarallax-no wpr-parallax-no wpr-sticky-section-no e-con e-parent\" data-id=\"df0f8c2\" data-element_type=\"container\">\n\t\t\t\t\t<div class=\"e-con-inner\">\n\t\t\t\t<div class=\"elementor-element elementor-element-270b745 wpr-fancy-text-rotate-1 wpr-advanced-text-style-animated wpr-animated-text-infinite-yes elementor-invisible elementor-widget elementor-widget-wpr-advanced-text\" data-id=\"270b745\" data-element_type=\"widget\" data-settings=\"{&quot;_animation&quot;:&quot;zoomIn&quot;,&quot;_animation_delay&quot;:100,&quot;anim_loop&quot;:&quot;yes&quot;}\" data-widget_type=\"wpr-advanced-text.default\">\n\t\t\t\t<div class=\"elementor-widget-container\">\n\t\t\t\n\t\t<h1 class=\"wpr-advanced-text\">\n\n\t\t\t\t\t\n\t\t\t\t\t\t\t<span class=\"wpr-advanced-text-preffix\">Mentions L\u00e9gales &amp;  <br> Conditions G\u00e9n\u00e9rales<\/span>\n\t\t\t\n\t\t<span class=\"wpr-anim-text wpr-anim-text-type-rotate-1\" data-anim-duration=\"1000,2000\" data-anim-loop=\"yes\">\n\t\t\t<span class=\"wpr-anim-text-inner\">\n\t\t\t\t\t\t\t<\/span>\n\t\t\t\t\t<\/span>\n\n\t\t\t\t\n\t\t<\/h1>\n\t\t\n\t\t\t\t<\/div>\n\t\t\t\t<\/div>\n\t\t\t\t<div class=\"elementor-element elementor-element-32fd1d2 elementor-invisible elementor-widget elementor-widget-text-editor\" data-id=\"32fd1d2\" data-element_type=\"widget\" data-settings=\"{&quot;_animation&quot;:&quot;zoomIn&quot;,&quot;_animation_delay&quot;:200}\" data-widget_type=\"text-editor.default\">\n\t\t\t\t<div class=\"elementor-widget-container\">\n\t\t\t<style>\/*! elementor - v3.23.0 - 05-08-2024 *\/\n.elementor-widget-text-editor.elementor-drop-cap-view-stacked .elementor-drop-cap{background-color:#69727d;color:#fff}.elementor-widget-text-editor.elementor-drop-cap-view-framed .elementor-drop-cap{color:#69727d;border:3px solid;background-color:transparent}.elementor-widget-text-editor:not(.elementor-drop-cap-view-default) .elementor-drop-cap{margin-top:8px}.elementor-widget-text-editor:not(.elementor-drop-cap-view-default) .elementor-drop-cap-letter{width:1em;height:1em}.elementor-widget-text-editor .elementor-drop-cap{float:left;text-align:center;line-height:1;font-size:50px}.elementor-widget-text-editor .elementor-drop-cap-letter{display:inline-block}<\/style>\t\t\t\t<p class=\"framer-styles-preset-1ozcjd2\" data-styles-preset=\"HwAOSDL_O\" data-pm-slice=\"1 1 []\">Derni\u00e8re mise \u00e0 jour : 09\/12\/2025 \u00e0 16:41<!--framer-match-formatting--><\/p>\t\t\t\t\t\t<\/div>\n\t\t\t\t<\/div>\n\t\t\t\t<div class=\"elementor-element elementor-element-4dde688 elementor-widget elementor-widget-text-editor\" data-id=\"4dde688\" data-element_type=\"widget\" data-widget_type=\"text-editor.default\">\n\t\t\t\t<div class=\"elementor-widget-container\">\n\t\t\t\t\t\t\t<div class=\"framer-16qdoxo\" data-framer-appear-id=\"16qdoxo\" data-framer-name=\"List-01\"><div class=\"framer-3tfax1\" data-framer-name=\"title\"><div class=\"framer-102se9q\" data-framer-name=\"heading\"><div class=\"framer-cqnugg\" data-framer-component-type=\"RichTextContainer\"><div class=\"framer-16qdoxo\" data-framer-appear-id=\"16qdoxo\" data-framer-name=\"List-01\"><div class=\"framer-3tfax1\" data-framer-name=\"title\"><div class=\"framer-102se9q\" data-framer-name=\"heading\"><div class=\"framer-cqnugg\" data-framer-component-type=\"RichTextContainer\"><p><strong><em>Mentions L\u00e9gales<\/em><\/strong><\/p><p>Ce site Web est la propri\u00e9t\u00e9 de la soci\u00e9t\u00e9\u00a0DEFI INFORMATIQUE (DEVELOPPEMENT, ETUDE, FORMATION, INTEGRATION, INFORMATIQUE), soci\u00e9t\u00e9 par actions simplifi\u00e9e, au capital de 12.195,95 euros, immatricul\u00e9e au R.C.S. de PARIS sous le num\u00e9ro B 389 230 503, dont le si\u00e8ge est situ\u00e9 \u00e0 Paris(France)<\/p><p>Tous les textes, images, graphiques, vid\u00e9os contenus dans ce site ainsi que leur assemblage, sont la propri\u00e9t\u00e9 exclusive de <strong>DEFI Informatique<\/strong> ou de leurs auteurs.<\/p><p>L&rsquo;utilisation, la reproduction, la diffusion de ces informations ou de tout ou en partie des \u00e9l\u00e9ments, par quelque proc\u00e9d\u00e9 que ce soit, et sur quelque support que ce soit composant ce site sans autorisation pr\u00e9alable \u00e9crite de <strong>DEFI Informatique<\/strong> ou de leurs auteurs sont strictement interdites et pourra faire l&rsquo;objet de toute action appropri\u00e9e, notamment d&rsquo;une action en contrefa\u00e7on.<\/p><p>L\u2019h\u00e9bergement du site est assur\u00e9 par OVH, SAS au capital de 10 069 020 \u20ac, RCS Lille M\u00e9tropole 424 761 419 00045, Code APE 2620Z, N\u00b0 TVA : FR 22 424 761 419, Si\u00e8ge social situ\u00e9 au 2 rue Kellermann \u2013 59100 Roubaix \u2013 France<\/p><p>Le site web est r\u00e9alis\u00e9 par <strong>DEFI Informatique<\/strong>.<\/p><p>Le responsable de publication du site est Madame Malika HANNICHE, Directrice G\u00e9n\u00e9rale.<\/p><p><strong><em>Propri\u00e9t\u00e9 du nom de domaine<\/em><\/strong><\/p><p>Le nom de domaine www.defi-informatique.fr est la propri\u00e9t\u00e9 exclusive de la soci\u00e9t\u00e9 <strong>DEFI Informatique<\/strong>.<\/p><p><strong><em>Conditions d\u2019utilisation<\/em><\/strong><\/p><p>L\u2019utilisation du site implique l\u2019acceptation pleine et enti\u00e8re des pr\u00e9sentes mentions l\u00e9gales.<br \/>Le site <a href=\"http:\/\/www.defi-informatique.fr\">www.defi-informatique.fr<\/a> est accessible 7 jours sur 7, 24 heures sur 24, sauf cas de force majeure, difficult\u00e9 technique ou op\u00e9ration de maintenance.<br \/>L\u2019utilisateur s\u2019engage \u00e0 utiliser le site dans le respect de la l\u00e9gislation en vigueur et \u00e0 ne pas porter atteinte aux droits de <strong>DEFI Informatique<\/strong> ou de tiers.<\/p><p>Il est strictement interdit d\u2019utiliser ce site pour :<br \/>\u2013 diffuser des contenus illicites, injurieux, diffamatoires, discriminatoires ou violents ;<br \/>\u2013 tenter d\u2019acc\u00e9der de mani\u00e8re non autoris\u00e9e au syst\u00e8me d\u2019information du site ;<br \/>\u2013 utiliser le site dans un but de nuisance, perturbation, saturation ou d\u00e9tournement de son contenu.<\/p><p><strong><em>Politique de Confidentialit\u00e9 des donn\u00e9es &amp; Cookies,<\/em><\/strong><\/p><p>Les informations concernant les donn\u00e9es personnelles et les cookies sont disponibles dans notre Politique de confidentialit\u00e9 : <a href=\"https:\/\/www.defi-informatique.fr\/donnees-personnelles\">https:\/\/www.defi-informatique.fr\/donnees-personnelles<\/a><\/p><p><strong>Limitation de responsabilit\u00e9<\/strong><br \/><strong>DEFI Informatique<\/strong> s\u2019efforce d\u2019assurer l\u2019exactitude et la mise \u00e0 jour des informations diffus\u00e9es sur le site. Toutefois, <strong>DEFI Informatique<\/strong> ne peut garantir l\u2019exactitude, l\u2019exhaustivit\u00e9 ou la mise \u00e0 jour continue de l\u2019ensemble des contenus.<br \/>Les informations fournies sur le site le sont \u00e0 titre indicatif et ne sauraient dispenser l\u2019utilisateur d\u2019une v\u00e9rification compl\u00e9mentaire.<\/p><p><strong>DEFI Informatique<\/strong> ne pourra \u00eatre tenue pour responsable :<br \/>\u2013 de tout dommage direct ou indirect r\u00e9sultant de l\u2019utilisation du site ou de l\u2019impossibilit\u00e9 d\u2019y acc\u00e9der ;<br \/>\u2013 de la pr\u00e9sence \u00e9ventuelle de virus ou de tout autre logiciel malveillant susceptible d\u2019affecter l\u2019\u00e9quipement informatique de l\u2019utilisateur ;<br \/>\u2013 de l\u2019usage qui pourrait \u00eatre fait du contenu publi\u00e9 par l\u2019utilisateur lorsqu\u2019un espace interactif est disponible.<\/p><p>L\u2019utilisateur demeure seul responsable de ses \u00e9quipements informatiques, de sa connexion au r\u00e9seau Internet et de toute action effectu\u00e9e \u00e0 partir de son espace ou de ses acc\u00e8s.<\/p><p>Pour toute question, ou pour signaler un contenu illicite, vous pouvez nous contacter.<\/p><p><strong>DEFI Informatique<\/strong><\/p><p>10 rue Mercoeur,<\/p><p>75011 Paris,<\/p><p><a href=\"mailto:info@defi-informatique.fr\">info@defi-informatique.fr<\/a> \/ 01 44 64 13 00<\/p><\/div><\/div><\/div><\/div><\/div><\/div><\/div><\/div>\t\t\t\t\t\t<\/div>\n\t\t\t\t<\/div>\n\t\t\t\t\t<\/div>\n\t\t\t\t<\/div>\n\t\t\t\t<\/div>\n\t\t","protected":false},"excerpt":{"rendered":"<p>Mentions L\u00e9gales &amp; Conditions G\u00e9n\u00e9rales Derni\u00e8re mise \u00e0 jour : 09\/12\/2025 \u00e0 16:41 Mentions L\u00e9gales Ce site Web est la propri\u00e9t\u00e9 de la soci\u00e9t\u00e9\u00a0DEFI INFORMATIQUE (DEVELOPPEMENT, ETUDE, FORMATION, INTEGRATION, INFORMATIQUE), soci\u00e9t\u00e9 par actions simplifi\u00e9e, au capital de 12.195,95 euros, immatricul\u00e9e au R.C.S. de PARIS sous le num\u00e9ro B 389 230 503, dont le si\u00e8ge est situ\u00e9 \u00e0 Paris(France) Tous les textes, images, graphiques, vid\u00e9os contenus dans ce site ainsi que leur assemblage, sont la propri\u00e9t\u00e9 exclusive de DEFI Informatique ou de leurs auteurs. L&rsquo;utilisation, la reproduction, la diffusion de ces informations ou de tout ou en partie des \u00e9l\u00e9ments, par quelque proc\u00e9d\u00e9 que ce soit, et sur quelque support que ce soit composant ce site sans autorisation pr\u00e9alable \u00e9crite de DEFI Informatique ou de leurs auteurs sont strictement interdites et pourra faire l&rsquo;objet de toute action appropri\u00e9e, notamment d&rsquo;une action en contrefa\u00e7on. L\u2019h\u00e9bergement du site est assur\u00e9 par OVH, SAS au capital de 10 069 020 \u20ac, RCS Lille M\u00e9tropole 424 761 419 00045, Code APE 2620Z, N\u00b0 TVA : FR 22 424 761 419, Si\u00e8ge social situ\u00e9 au 2 rue Kellermann \u2013 59100 Roubaix \u2013 France Le site web est r\u00e9alis\u00e9 par DEFI Informatique. Le responsable de publication du site est Madame Malika HANNICHE, Directrice G\u00e9n\u00e9rale. Propri\u00e9t\u00e9 du nom de domaine Le nom de domaine www.defi-informatique.fr est la propri\u00e9t\u00e9 exclusive de la soci\u00e9t\u00e9 DEFI Informatique. Conditions d\u2019utilisation L\u2019utilisation du site implique l\u2019acceptation pleine et enti\u00e8re des pr\u00e9sentes mentions l\u00e9gales.Le site www.defi-informatique.fr est accessible 7 jours sur 7, 24 heures sur 24, sauf cas de force majeure, difficult\u00e9 technique ou op\u00e9ration de maintenance.L\u2019utilisateur s\u2019engage \u00e0 utiliser le site dans le respect de la l\u00e9gislation en vigueur et \u00e0 ne pas porter atteinte aux droits de DEFI Informatique ou de tiers. Il est strictement interdit d\u2019utiliser ce site pour :\u2013 diffuser des contenus illicites, injurieux, diffamatoires, discriminatoires ou violents ;\u2013 tenter d\u2019acc\u00e9der de mani\u00e8re non autoris\u00e9e au syst\u00e8me d\u2019information du site ;\u2013 utiliser le site dans un but de nuisance, perturbation, saturation ou d\u00e9tournement de son contenu. Politique de Confidentialit\u00e9 des donn\u00e9es &amp; Cookies, Les informations concernant les donn\u00e9es personnelles et les cookies sont disponibles dans notre Politique de confidentialit\u00e9 : https:\/\/www.defi-informatique.fr\/donnees-personnelles Limitation de responsabilit\u00e9DEFI Informatique s\u2019efforce d\u2019assurer l\u2019exactitude et la mise \u00e0 jour des informations diffus\u00e9es sur le site. Toutefois, DEFI Informatique ne peut garantir l\u2019exactitude, l\u2019exhaustivit\u00e9 ou la mise \u00e0 jour continue de l\u2019ensemble des contenus.Les informations fournies sur le site le sont \u00e0 titre indicatif et ne sauraient dispenser l\u2019utilisateur d\u2019une v\u00e9rification compl\u00e9mentaire. DEFI Informatique ne pourra \u00eatre tenue pour responsable :\u2013 de tout dommage direct ou indirect r\u00e9sultant de l\u2019utilisation du site ou de l\u2019impossibilit\u00e9 d\u2019y acc\u00e9der ;\u2013 de la pr\u00e9sence \u00e9ventuelle de virus ou de tout autre logiciel malveillant susceptible d\u2019affecter l\u2019\u00e9quipement informatique de l\u2019utilisateur ;\u2013 de l\u2019usage qui pourrait \u00eatre fait du contenu publi\u00e9 par l\u2019utilisateur lorsqu\u2019un espace interactif est disponible. L\u2019utilisateur demeure seul responsable de ses \u00e9quipements informatiques, de sa connexion au r\u00e9seau Internet et de toute action effectu\u00e9e \u00e0 partir de son espace ou de ses acc\u00e8s. Pour toute question, ou pour signaler un contenu illicite, vous pouvez nous contacter. DEFI Informatique 10 rue Mercoeur, 75011 Paris, info@defi-informatique.fr \/ 01 44 64 13 00<\/p>\n","protected":false},"author":1,"featured_media":0,"parent":0,"menu_order":0,"comment_status":"closed","ping_status":"closed","template":"","meta":{"footnotes":""},"class_list":["post-2095","page","type-page","status-publish","hentry"],"_links":{"self":[{"href":"https:\/\/hygisoft.intravipur.com\/index.php?rest_route=\/wp\/v2\/pages\/2095","targetHints":{"allow":["GET"]}}],"collection":[{"href":"https:\/\/hygisoft.intravipur.com\/index.php?rest_route=\/wp\/v2\/pages"}],"about":[{"href":"https:\/\/hygisoft.intravipur.com\/index.php?rest_route=\/wp\/v2\/types\/page"}],"author":[{"embeddable":true,"href":"https:\/\/hygisoft.intravipur.com\/index.php?rest_route=\/wp\/v2\/users\/1"}],"replies":[{"embeddable":true,"href":"https:\/\/hygisoft.intravipur.com\/index.php?rest_route=%2Fwp%2Fv2%2Fcomments&post=2095"}],"version-history":[{"count":12,"href":"https:\/\/hygisoft.intravipur.com\/index.php?rest_route=\/wp\/v2\/pages\/2095\/revisions"}],"predecessor-version":[{"id":2179,"href":"https:\/\/hygisoft.intravipur.com\/index.php?rest_route=\/wp\/v2\/pages\/2095\/revisions\/2179"}],"wp:attachment":[{"href":"https:\/\/hygisoft.intravipur.com\/index.php?rest_route=%2Fwp%2Fv2%2Fmedia&parent=2095"}],"curies":[{"name":"wp","href":"https:\/\/api.w.org\/{rel}","templated":true}]}}